{"id":1227,"date":"2021-03-05T11:19:48","date_gmt":"2021-03-05T11:19:48","guid":{"rendered":"https:\/\/vedasan.com.br\/site\/?page_id=1227"},"modified":"2021-03-05T11:34:34","modified_gmt":"2021-03-05T11:34:34","slug":"correias","status":"publish","type":"page","link":"https:\/\/vedasan.com.br\/site\/correias\/","title":{"rendered":"Correias"},"content":{"rendered":"\t\t<div data-elementor-type=\"wp-page\" data-elementor-id=\"1227\" class=\"elementor elementor-1227\">\n\t\t\t\t\t\t<section class=\"elementor-section elementor-top-section elementor-element elementor-element-8a7510d elementor-section-boxed elementor-section-height-default elementor-section-height-default\" data-id=\"8a7510d\" data-element_type=\"section\" data-e-type=\"section\" data-settings=\"{&quot;background_background&quot;:&quot;classic&quot;}\">\n\t\t\t\t\t\t\t<div class=\"elementor-background-overlay\"><\/div>\n\t\t\t\t\t\t\t<div class=\"elementor-container elementor-column-gap-default\">\n\t\t\t\t\t<div class=\"elementor-column elementor-col-33 elementor-top-column elementor-element elementor-element-82787a3\" data-id=\"82787a3\" data-element_type=\"column\" data-e-type=\"column\">\n\t\t\t<div class=\"elementor-widget-wrap\">\n\t\t\t\t\t\t\t<\/div>\n\t\t<\/div>\n\t\t\t\t<div class=\"elementor-column elementor-col-33 elementor-top-column elementor-element elementor-element-7913270\" data-id=\"7913270\" data-element_type=\"column\" data-e-type=\"column\">\n\t\t\t<div class=\"elementor-widget-wrap elementor-element-populated\">\n\t\t\t\t\t\t<div class=\"elementor-element elementor-element-7ec97fd elementor-widget elementor-widget-heading\" data-id=\"7ec97fd\" data-element_type=\"widget\" data-e-type=\"widget\" data-widget_type=\"heading.default\">\n\t\t\t\t<div class=\"elementor-widget-container\">\n\t\t\t\t\t<h1 class=\"elementor-heading-title elementor-size-default\">Produtos<\/h1>\t\t\t\t<\/div>\n\t\t\t\t<\/div>\n\t\t\t\t\t<\/div>\n\t\t<\/div>\n\t\t\t\t<div class=\"elementor-column elementor-col-33 elementor-top-column elementor-element elementor-element-17f6a8c\" data-id=\"17f6a8c\" data-element_type=\"column\" data-e-type=\"column\">\n\t\t\t<div class=\"elementor-widget-wrap\">\n\t\t\t\t\t\t\t<\/div>\n\t\t<\/div>\n\t\t\t\t\t<\/div>\n\t\t<\/section>\n\t\t\t\t<section class=\"elementor-section elementor-top-section elementor-element elementor-element-aa4e909 elementor-section-boxed elementor-section-height-default elementor-section-height-default\" data-id=\"aa4e909\" data-element_type=\"section\" data-e-type=\"section\">\n\t\t\t\t\t\t<div class=\"elementor-container elementor-column-gap-default\">\n\t\t\t\t\t<div class=\"elementor-column elementor-col-100 elementor-top-column elementor-element elementor-element-b79baaa\" data-id=\"b79baaa\" data-element_type=\"column\" data-e-type=\"column\">\n\t\t\t<div class=\"elementor-widget-wrap elementor-element-populated\">\n\t\t\t\t\t\t<div class=\"elementor-element elementor-element-1f5f35c elementor-tabs-view-horizontal elementor-widget elementor-widget-tabs\" data-id=\"1f5f35c\" data-element_type=\"widget\" data-e-type=\"widget\" data-widget_type=\"tabs.default\">\n\t\t\t\t<div class=\"elementor-widget-container\">\n\t\t\t\t\t\t\t<div class=\"elementor-tabs\">\n\t\t\t<div class=\"elementor-tabs-wrapper\" role=\"tablist\" >\n\t\t\t\t\t\t\t\t\t<div id=\"elementor-tab-title-3281\" class=\"elementor-tab-title elementor-tab-desktop-title\" aria-selected=\"true\" data-tab=\"1\" role=\"tab\" tabindex=\"0\" aria-controls=\"elementor-tab-content-3281\" aria-expanded=\"false\">Correias<\/div>\n\t\t\t\t\t\t\t<\/div>\n\t\t\t<div class=\"elementor-tabs-content-wrapper\" role=\"tablist\" aria-orientation=\"vertical\">\n\t\t\t\t\t\t\t\t\t<div class=\"elementor-tab-title elementor-tab-mobile-title\" aria-selected=\"true\" data-tab=\"1\" role=\"tab\" tabindex=\"0\" aria-controls=\"elementor-tab-content-3281\" aria-expanded=\"false\">Correias<\/div>\n\t\t\t\t\t<div id=\"elementor-tab-content-3281\" class=\"elementor-tab-content elementor-clearfix\" data-tab=\"1\" role=\"tabpanel\" aria-labelledby=\"elementor-tab-title-3281\" tabindex=\"0\" hidden=\"false\"><p>Correias fazem parte do processo de funcionamento de diversos equipamentos dispon\u00edveis no sistema de produ\u00e7\u00e3o industrial e<br \/>automotivo. Por serem transmissoras de for\u00e7a, as Correias precisam, necessariamente, ter a base de fabrica\u00e7\u00e3o, mat\u00e9ria-prima, muito resistente. Existem diversos tipos de Correias industriais e cada um \u00e9 utilizado de maneira espec\u00edfica. Trabalhamos com uma linha completa para atender a todas as suas necessidades.<\/p><p><img fetchpriority=\"high\" decoding=\"async\" class=\"alignnone size-medium wp-image-940\" src=\"https:\/\/vedasan.com.br\/site\/wp-content\/uploads\/2021\/01\/correias-300x225.png\" alt=\"\" width=\"300\" height=\"225\" srcset=\"https:\/\/vedasan.com.br\/site\/wp-content\/uploads\/2021\/01\/correias-300x225.png 300w, https:\/\/vedasan.com.br\/site\/wp-content\/uploads\/2021\/01\/correias-768x577.png 768w, https:\/\/vedasan.com.br\/site\/wp-content\/uploads\/2021\/01\/correias-24x18.png 24w, https:\/\/vedasan.com.br\/site\/wp-content\/uploads\/2021\/01\/correias-36x27.png 36w, https:\/\/vedasan.com.br\/site\/wp-content\/uploads\/2021\/01\/correias-48x36.png 48w, https:\/\/vedasan.com.br\/site\/wp-content\/uploads\/2021\/01\/correias.png 1023w\" sizes=\"(max-width: 300px) 100vw, 300px\" \/><\/p><\/div>\n\t\t\t\t\t\t\t<\/div>\n\t\t<\/div>\n\t\t\t\t\t\t<\/div>\n\t\t\t\t<\/div>\n\t\t\t\t<div class=\"elementor-element elementor-element-2dcf1c0 elementor-widget elementor-widget-button\" data-id=\"2dcf1c0\" data-element_type=\"widget\" data-e-type=\"widget\" data-widget_type=\"button.default\">\n\t\t\t\t<div class=\"elementor-widget-container\">\n\t\t\t\t\t\t\t\t\t<div class=\"elementor-button-wrapper\">\n\t\t\t\t\t<a class=\"elementor-button elementor-button-link elementor-size-sm\" href=\"https:\/\/www.vedasan.com.br\/site\/contatos\">\n\t\t\t\t\t\t<span class=\"elementor-button-content-wrapper\">\n\t\t\t\t\t\t\t\t\t<span class=\"elementor-button-text\">Pergunte sobre este produto<\/span>\n\t\t\t\t\t<\/span>\n\t\t\t\t\t<\/a>\n\t\t\t\t<\/div>\n\t\t\t\t\t\t\t\t<\/div>\n\t\t\t\t<\/div>\n\t\t\t\t\t<\/div>\n\t\t<\/div>\n\t\t\t\t\t<\/div>\n\t\t<\/section>\n\t\t\t\t<\/div>\n\t\t","protected":false},"excerpt":{"rendered":"<p>Produtos Correias Correias Correias fazem parte do processo de funcionamento de diversos equipamentos dispon\u00edveis no sistema de produ\u00e7\u00e3o industrial eautomotivo. Por serem transmissoras de for\u00e7a, as Correias precisam, necessariamente, ter a base de fabrica\u00e7\u00e3o, mat\u00e9ria-prima, muito resistente. Existem diversos tipos de Correias industriais e cada um \u00e9 utilizado de maneira espec\u00edfica. Trabalhamos com uma linha [&hellip;]<\/p>\n","protected":false},"author":1,"featured_media":0,"parent":0,"menu_order":0,"comment_status":"closed","ping_status":"closed","template":"","meta":{"site-sidebar-layout":"no-sidebar","site-content-layout":"page-builder","ast-site-content-layout":"default","site-content-style":"default","site-sidebar-style":"default","ast-global-header-display":"","ast-banner-title-visibility":"","ast-main-header-display":"","ast-hfb-above-header-display":"","ast-hfb-below-header-display":"","ast-hfb-mobile-header-display":"","site-post-title":"disabled","ast-breadcrumbs-content":"","ast-featured-img":"disabled","footer-sml-layout":"","ast-disable-related-posts":"","theme-transparent-header-meta":"default","adv-header-id-meta":"","stick-header-meta":"","header-above-stick-meta":"","header-main-stick-meta":"","header-below-stick-meta":"","astra-migrate-meta-layouts":"default","ast-page-background-enabled":"default","ast-page-background-meta":{"desktop":{"background-color":"","background-image":"","background-repeat":"repeat","background-position":"center center","background-size":"auto","background-attachment":"scroll","background-type":"","background-media":"","overlay-type":"","overlay-color":"","overlay-opacity":"","overlay-gradient":""},"tablet":{"background-color":"","background-image":"","background-repeat":"repeat","background-position":"center center","background-size":"auto","background-attachment":"scroll","background-type":"","background-media":"","overlay-type":"","overlay-color":"","overlay-opacity":"","overlay-gradient":""},"mobile":{"background-color":"","background-image":"","background-repeat":"repeat","background-position":"center center","background-size":"auto","background-attachment":"scroll","background-type":"","background-media":"","overlay-type":"","overlay-color":"","overlay-opacity":"","overlay-gradient":""}},"ast-content-background-meta":{"desktop":{"background-color":"var(--ast-global-color-5)","background-image":"","background-repeat":"repeat","background-position":"center center","background-size":"auto","background-attachment":"scroll","background-type":"","background-media":"","overlay-type":"","overlay-color":"","overlay-opacity":"","overlay-gradient":""},"tablet":{"background-color":"var(--ast-global-color-5)","background-image":"","background-repeat":"repeat","background-position":"center center","background-size":"auto","background-attachment":"scroll","background-type":"","background-media":"","overlay-type":"","overlay-color":"","overlay-opacity":"","overlay-gradient":""},"mobile":{"background-color":"var(--ast-global-color-5)","background-image":"","background-repeat":"repeat","background-position":"center center","background-size":"auto","background-attachment":"scroll","background-type":"","background-media":"","overlay-type":"","overlay-color":"","overlay-opacity":"","overlay-gradient":""}},"_joinchat":[],"footnotes":""},"class_list":["post-1227","page","type-page","status-publish","hentry"],"_links":{"self":[{"href":"https:\/\/vedasan.com.br\/site\/wp-json\/wp\/v2\/pages\/1227","targetHints":{"allow":["GET"]}}],"collection":[{"href":"https:\/\/vedasan.com.br\/site\/wp-json\/wp\/v2\/pages"}],"about":[{"href":"https:\/\/vedasan.com.br\/site\/wp-json\/wp\/v2\/types\/page"}],"author":[{"embeddable":true,"href":"https:\/\/vedasan.com.br\/site\/wp-json\/wp\/v2\/users\/1"}],"replies":[{"embeddable":true,"href":"https:\/\/vedasan.com.br\/site\/wp-json\/wp\/v2\/comments?post=1227"}],"version-history":[{"count":28,"href":"https:\/\/vedasan.com.br\/site\/wp-json\/wp\/v2\/pages\/1227\/revisions"}],"predecessor-version":[{"id":1257,"href":"https:\/\/vedasan.com.br\/site\/wp-json\/wp\/v2\/pages\/1227\/revisions\/1257"}],"wp:attachment":[{"href":"https:\/\/vedasan.com.br\/site\/wp-json\/wp\/v2\/media?parent=1227"}],"curies":[{"name":"wp","href":"https:\/\/api.w.org\/{rel}","templated":true}]}}