{"id":492,"date":"2018-11-27T09:17:42","date_gmt":"2018-11-27T09:17:42","guid":{"rendered":"https:\/\/vedasan.com.br\/site\/projects\/"},"modified":"2021-02-24T14:50:57","modified_gmt":"2021-02-24T14:50:57","slug":"aneis","status":"publish","type":"page","link":"https:\/\/vedasan.com.br\/site\/aneis\/","title":{"rendered":"An\u00e9is"},"content":{"rendered":"\t\t<div data-elementor-type=\"wp-post\" data-elementor-id=\"492\" class=\"elementor elementor-492\">\n\t\t\t\t\t\t<section class=\"elementor-section elementor-top-section elementor-element elementor-element-7ac9ca5 elementor-section-boxed elementor-section-height-default elementor-section-height-default\" data-id=\"7ac9ca5\" data-element_type=\"section\" data-e-type=\"section\" data-settings=\"{&quot;background_background&quot;:&quot;classic&quot;}\">\n\t\t\t\t\t\t\t<div class=\"elementor-background-overlay\"><\/div>\n\t\t\t\t\t\t\t<div class=\"elementor-container elementor-column-gap-default\">\n\t\t\t\t\t<div class=\"elementor-column elementor-col-33 elementor-top-column elementor-element elementor-element-fc40e94\" data-id=\"fc40e94\" data-element_type=\"column\" data-e-type=\"column\">\n\t\t\t<div class=\"elementor-widget-wrap\">\n\t\t\t\t\t\t\t<\/div>\n\t\t<\/div>\n\t\t\t\t<div class=\"elementor-column elementor-col-33 elementor-top-column elementor-element elementor-element-90988fe\" data-id=\"90988fe\" data-element_type=\"column\" data-e-type=\"column\">\n\t\t\t<div class=\"elementor-widget-wrap elementor-element-populated\">\n\t\t\t\t\t\t<div class=\"elementor-element elementor-element-4a1c612 elementor-widget elementor-widget-heading\" data-id=\"4a1c612\" data-element_type=\"widget\" data-e-type=\"widget\" data-widget_type=\"heading.default\">\n\t\t\t\t<div class=\"elementor-widget-container\">\n\t\t\t\t\t<h1 class=\"elementor-heading-title elementor-size-default\">Produtos<\/h1>\t\t\t\t<\/div>\n\t\t\t\t<\/div>\n\t\t\t\t\t<\/div>\n\t\t<\/div>\n\t\t\t\t<div class=\"elementor-column elementor-col-33 elementor-top-column elementor-element elementor-element-919f5c1\" data-id=\"919f5c1\" data-element_type=\"column\" data-e-type=\"column\">\n\t\t\t<div class=\"elementor-widget-wrap\">\n\t\t\t\t\t\t\t<\/div>\n\t\t<\/div>\n\t\t\t\t\t<\/div>\n\t\t<\/section>\n\t\t\t\t<section class=\"elementor-section elementor-top-section elementor-element elementor-element-7ee3a7b elementor-section-boxed elementor-section-height-default elementor-section-height-default\" data-id=\"7ee3a7b\" data-element_type=\"section\" data-e-type=\"section\">\n\t\t\t\t\t\t<div class=\"elementor-container elementor-column-gap-default\">\n\t\t\t\t\t<div class=\"elementor-column elementor-col-100 elementor-top-column elementor-element elementor-element-7eed19d\" data-id=\"7eed19d\" data-element_type=\"column\" data-e-type=\"column\">\n\t\t\t<div class=\"elementor-widget-wrap elementor-element-populated\">\n\t\t\t\t\t\t<div class=\"elementor-element elementor-element-e302bbc elementor-tabs-view-horizontal elementor-widget elementor-widget-tabs\" data-id=\"e302bbc\" data-element_type=\"widget\" data-e-type=\"widget\" data-widget_type=\"tabs.default\">\n\t\t\t\t<div class=\"elementor-widget-container\">\n\t\t\t\t\t\t\t<div class=\"elementor-tabs\">\n\t\t\t<div class=\"elementor-tabs-wrapper\" role=\"tablist\" >\n\t\t\t\t\t\t\t\t\t<div id=\"elementor-tab-title-2381\" class=\"elementor-tab-title elementor-tab-desktop-title\" aria-selected=\"true\" data-tab=\"1\" role=\"tab\" tabindex=\"0\" aria-controls=\"elementor-tab-content-2381\" aria-expanded=\"false\">An\u00e9is El\u00e1sticos<\/div>\n\t\t\t\t\t\t\t\t\t<div id=\"elementor-tab-title-2382\" class=\"elementor-tab-title elementor-tab-desktop-title\" aria-selected=\"false\" data-tab=\"2\" role=\"tab\" tabindex=\"-1\" aria-controls=\"elementor-tab-content-2382\" aria-expanded=\"false\">An\u00e9is O<\/div>\n\t\t\t\t\t\t\t\t\t<div id=\"elementor-tab-title-2383\" class=\"elementor-tab-title elementor-tab-desktop-title\" aria-selected=\"false\" data-tab=\"3\" role=\"tab\" tabindex=\"-1\" aria-controls=\"elementor-tab-content-2383\" aria-expanded=\"false\">An\u00e9is Raspadores<\/div>\n\t\t\t\t\t\t\t<\/div>\n\t\t\t<div class=\"elementor-tabs-content-wrapper\" role=\"tablist\" aria-orientation=\"vertical\">\n\t\t\t\t\t\t\t\t\t<div class=\"elementor-tab-title elementor-tab-mobile-title\" aria-selected=\"true\" data-tab=\"1\" role=\"tab\" tabindex=\"0\" aria-controls=\"elementor-tab-content-2381\" aria-expanded=\"false\">An\u00e9is El\u00e1sticos<\/div>\n\t\t\t\t\t<div id=\"elementor-tab-content-2381\" class=\"elementor-tab-content elementor-clearfix\" data-tab=\"1\" role=\"tabpanel\" aria-labelledby=\"elementor-tab-title-2381\" tabindex=\"0\" hidden=\"false\"><p style=\"margin: 0cm 0cm 18.75pt; text-align: justify; line-height: 115%; background-image: initial; background-position: initial; background-size: initial; background-repeat: initial; background-attachment: initial; background-origin: initial; background-clip: initial;\"><span style=\"font-family:&quot;Arial&quot;,sans-serif;color:black;mso-color-alt:windowtext\">Uma\ndas pe\u00e7as mais utilizadas pela ind\u00fastria em geral O anel el\u00e1stico, tamb\u00e9m\nconhecido como anel de reten\u00e7\u00e3o, anel de trava ou anel de seguran\u00e7a <span style=\"background-image: initial; background-position: initial; background-size: initial; background-repeat: initial; background-attachment: initial; background-origin: initial; background-clip: initial;\">transfere altas cargas axiais do elemento fixado para\nas paredes da ranhura em furos e eixos onde fixado. Os&nbsp;<strong>an\u00e9is el\u00e1sticos<\/strong>&nbsp;s\u00e3o\nfeitos em a\u00e7o mola (SAE 1070) que proporciona melhor elasticidade na aplica\u00e7\u00e3o\ndo produto.&nbsp; <\/span><\/span><span style=\"font-family:&quot;Arial&quot;,sans-serif\"><o:p><\/o:p><\/span><\/p>\n\n<p><span style=\"color: black; font-family: Arial, sans-serif; font-size: 16px; text-align: justify;\">Trabalhamos\ncom an\u00e9is El\u00e1sticos padr\u00e3o DIN 472 normalmente utilizado para furos, e padr\u00e3o\nDIN 471 normalmente utilizado para eixos, respeitando sempre os padr\u00f5es\ninternacionais de qualidade.<\/span><\/p><p><img fetchpriority=\"high\" decoding=\"async\" src=\"https:\/\/vedasan.com.br\/site\/wp-content\/uploads\/2021\/01\/aneis-elasticos-300x224.png\" alt=\"\" width=\"350\" height=\"262\" style=\"font-style: inherit; font-weight: inherit;\"><br><\/p><\/div>\n\t\t\t\t\t\t\t\t\t<div class=\"elementor-tab-title elementor-tab-mobile-title\" aria-selected=\"false\" data-tab=\"2\" role=\"tab\" tabindex=\"-1\" aria-controls=\"elementor-tab-content-2382\" aria-expanded=\"false\">An\u00e9is O<\/div>\n\t\t\t\t\t<div id=\"elementor-tab-content-2382\" class=\"elementor-tab-content elementor-clearfix\" data-tab=\"2\" role=\"tabpanel\" aria-labelledby=\"elementor-tab-title-2382\" tabindex=\"0\" hidden=\"hidden\"><p><span style=\"color: black; font-family: Arial, sans-serif; font-size: 16px; text-align: justify;\">An\u00e9is\nO ou O-Rings s\u00e3o veda\u00e7\u00f5es com sess\u00e3o de formato circular normalmente utilizada\npara veda\u00e7\u00e3o de pe\u00e7as est\u00e1ticas contra produtos de forma liquida ou gasosa. De\nf\u00e1cil montagem e manuten\u00e7\u00e3o, os An\u00e9is O s\u00e3o dos dispositivos de Veda\u00e7\u00e3o mais\nvers\u00e1teis dispon\u00edveis no mercado. Disponibilizamos O-Rings em padr\u00e3o Milim\u00e9trico\ne Polegada, medidas especiais e nas mais variadas composi\u00e7\u00f5es para atender com\nexatid\u00e3o \u00e0s suas necessidades.<\/span><\/p><p><img decoding=\"async\" src=\"https:\/\/vedasan.com.br\/site\/wp-content\/uploads\/2021\/01\/aneis-o-300x226.png\" alt=\"\" width=\"350\" height=\"263\" style=\"font-style: inherit; font-weight: inherit;\"><br><\/p><\/div>\n\t\t\t\t\t\t\t\t\t<div class=\"elementor-tab-title elementor-tab-mobile-title\" aria-selected=\"false\" data-tab=\"3\" role=\"tab\" tabindex=\"-1\" aria-controls=\"elementor-tab-content-2383\" aria-expanded=\"false\">An\u00e9is Raspadores<\/div>\n\t\t\t\t\t<div id=\"elementor-tab-content-2383\" class=\"elementor-tab-content elementor-clearfix\" data-tab=\"3\" role=\"tabpanel\" aria-labelledby=\"elementor-tab-title-2383\" tabindex=\"0\" hidden=\"hidden\"><p style=\"margin: 0cm 0cm 18.75pt; text-align: justify; line-height: 115%; background-image: initial; background-position: initial; background-size: initial; background-repeat: initial; background-attachment: initial; background-origin: initial; background-clip: initial;\"><span style=\"font-family:&quot;Arial&quot;,sans-serif;color:black;mso-color-alt:windowtext\">Anel\nRaspador ou Anel Limpador \u00e9 um elemento formado por pe\u00e7a moldada em borracha\ncom um l\u00e1bio de raspagem em \u00e2ngulo positivo e uma se\u00e7\u00e3o r\u00edgida para montagem\ncom ou sem anel met\u00e1lico. Tem como fun\u00e7\u00e3o Limpar e Remover part\u00edculas de\nsujeira de eixos cil\u00edndricos hidr\u00e1ulicos e pneum\u00e1ticos que podem danificar as\nveda\u00e7\u00f5es principais. <\/span><span style=\"font-family:&quot;Arial&quot;,sans-serif\"><o:p><\/o:p><\/span><\/p>\n\n<p><span style=\"color: black; font-family: Arial, sans-serif; font-size: 16px; text-align: justify;\">Os modelos sem anel met\u00e1lico possuem uso limitado a pequenos\ndi\u00e2metros, j\u00e1 que grandes di\u00e2metros requerem se\u00e7\u00f5es r\u00edgidas para evitar o\nlevantamento do l\u00e1bio provocado pelo movimento ou pela press\u00e3o exercida nos\nmesmos<\/span><\/p><p><img decoding=\"async\" src=\"https:\/\/vedasan.com.br\/site\/wp-content\/uploads\/2021\/01\/aneis-raspadores-300x226.png\" alt=\"\" width=\"350\" height=\"264\" style=\"font-style: inherit; font-weight: inherit;\"><br><\/p><\/div>\n\t\t\t\t\t\t\t<\/div>\n\t\t<\/div>\n\t\t\t\t\t\t<\/div>\n\t\t\t\t<\/div>\n\t\t\t\t<div class=\"elementor-element elementor-element-2489cd8 elementor-widget elementor-widget-button\" data-id=\"2489cd8\" data-element_type=\"widget\" data-e-type=\"widget\" data-widget_type=\"button.default\">\n\t\t\t\t<div class=\"elementor-widget-container\">\n\t\t\t\t\t\t\t\t\t<div class=\"elementor-button-wrapper\">\n\t\t\t\t\t<a class=\"elementor-button elementor-button-link elementor-size-sm\" href=\"https:\/\/vedasan.com.br\/site\/contatos\/\">\n\t\t\t\t\t\t<span class=\"elementor-button-content-wrapper\">\n\t\t\t\t\t\t\t\t\t<span class=\"elementor-button-text\">Pergunte sobre este Produto<\/span>\n\t\t\t\t\t<\/span>\n\t\t\t\t\t<\/a>\n\t\t\t\t<\/div>\n\t\t\t\t\t\t\t\t<\/div>\n\t\t\t\t<\/div>\n\t\t\t\t\t<\/div>\n\t\t<\/div>\n\t\t\t\t\t<\/div>\n\t\t<\/section>\n\t\t\t\t<\/div>\n\t\t","protected":false},"excerpt":{"rendered":"<p>Produtos An\u00e9is El\u00e1sticos An\u00e9is O An\u00e9is Raspadores An\u00e9is El\u00e1sticos Uma das pe\u00e7as mais utilizadas pela ind\u00fastria em geral O anel el\u00e1stico, tamb\u00e9m conhecido como anel de reten\u00e7\u00e3o, anel de trava ou anel de seguran\u00e7a transfere altas cargas axiais do elemento fixado para as paredes da ranhura em furos e eixos onde fixado. Os&nbsp;an\u00e9is el\u00e1sticos&nbsp;s\u00e3o feitos [&hellip;]<\/p>\n","protected":false},"author":1,"featured_media":0,"parent":0,"menu_order":0,"comment_status":"closed","ping_status":"closed","template":"","meta":{"site-sidebar-layout":"no-sidebar","site-content-layout":"page-builder","ast-site-content-layout":"default","site-content-style":"default","site-sidebar-style":"default","ast-global-header-display":"","ast-banner-title-visibility":"","ast-main-header-display":"","ast-hfb-above-header-display":"","ast-hfb-below-header-display":"","ast-hfb-mobile-header-display":"","site-post-title":"disabled","ast-breadcrumbs-content":"","ast-featured-img":"disabled","footer-sml-layout":"","ast-disable-related-posts":"","theme-transparent-header-meta":"enabled","adv-header-id-meta":"","stick-header-meta":"","header-above-stick-meta":"","header-main-stick-meta":"","header-below-stick-meta":"","astra-migrate-meta-layouts":"default","ast-page-background-enabled":"default","ast-page-background-meta":{"desktop":{"background-color":"","background-image":"","background-repeat":"repeat","background-position":"center center","background-size":"auto","background-attachment":"scroll","background-type":"","background-media":"","overlay-type":"","overlay-color":"","overlay-opacity":"","overlay-gradient":""},"tablet":{"background-color":"","background-image":"","background-repeat":"repeat","background-position":"center center","background-size":"auto","background-attachment":"scroll","background-type":"","background-media":"","overlay-type":"","overlay-color":"","overlay-opacity":"","overlay-gradient":""},"mobile":{"background-color":"","background-image":"","background-repeat":"repeat","background-position":"center center","background-size":"auto","background-attachment":"scroll","background-type":"","background-media":"","overlay-type":"","overlay-color":"","overlay-opacity":"","overlay-gradient":""}},"ast-content-background-meta":{"desktop":{"background-color":"var(--ast-global-color-5)","background-image":"","background-repeat":"repeat","background-position":"center center","background-size":"auto","background-attachment":"scroll","background-type":"","background-media":"","overlay-type":"","overlay-color":"","overlay-opacity":"","overlay-gradient":""},"tablet":{"background-color":"var(--ast-global-color-5)","background-image":"","background-repeat":"repeat","background-position":"center center","background-size":"auto","background-attachment":"scroll","background-type":"","background-media":"","overlay-type":"","overlay-color":"","overlay-opacity":"","overlay-gradient":""},"mobile":{"background-color":"var(--ast-global-color-5)","background-image":"","background-repeat":"repeat","background-position":"center center","background-size":"auto","background-attachment":"scroll","background-type":"","background-media":"","overlay-type":"","overlay-color":"","overlay-opacity":"","overlay-gradient":""}},"_joinchat":[],"footnotes":""},"class_list":["post-492","page","type-page","status-publish","hentry"],"_links":{"self":[{"href":"https:\/\/vedasan.com.br\/site\/wp-json\/wp\/v2\/pages\/492","targetHints":{"allow":["GET"]}}],"collection":[{"href":"https:\/\/vedasan.com.br\/site\/wp-json\/wp\/v2\/pages"}],"about":[{"href":"https:\/\/vedasan.com.br\/site\/wp-json\/wp\/v2\/types\/page"}],"author":[{"embeddable":true,"href":"https:\/\/vedasan.com.br\/site\/wp-json\/wp\/v2\/users\/1"}],"replies":[{"embeddable":true,"href":"https:\/\/vedasan.com.br\/site\/wp-json\/wp\/v2\/comments?post=492"}],"version-history":[{"count":21,"href":"https:\/\/vedasan.com.br\/site\/wp-json\/wp\/v2\/pages\/492\/revisions"}],"predecessor-version":[{"id":1188,"href":"https:\/\/vedasan.com.br\/site\/wp-json\/wp\/v2\/pages\/492\/revisions\/1188"}],"wp:attachment":[{"href":"https:\/\/vedasan.com.br\/site\/wp-json\/wp\/v2\/media?parent=492"}],"curies":[{"name":"wp","href":"https:\/\/api.w.org\/{rel}","templated":true}]}}