{"id":611,"date":"2020-12-24T16:51:47","date_gmt":"2020-12-24T16:51:47","guid":{"rendered":"https:\/\/vedasan.com.br\/site\/?page_id=611"},"modified":"2021-03-05T11:17:36","modified_gmt":"2021-03-05T11:17:36","slug":"mangueiras-conexoes","status":"publish","type":"page","link":"https:\/\/vedasan.com.br\/site\/mangueiras-conexoes\/","title":{"rendered":"Mangueiras, Conex\u00f5es"},"content":{"rendered":"\t\t<div data-elementor-type=\"wp-post\" data-elementor-id=\"611\" class=\"elementor elementor-611\">\n\t\t\t\t\t\t<section class=\"elementor-section elementor-top-section elementor-element elementor-element-7ac9ca5 elementor-section-boxed elementor-section-height-default elementor-section-height-default\" data-id=\"7ac9ca5\" data-element_type=\"section\" data-e-type=\"section\" data-settings=\"{&quot;background_background&quot;:&quot;classic&quot;}\">\n\t\t\t\t\t\t\t<div class=\"elementor-background-overlay\"><\/div>\n\t\t\t\t\t\t\t<div class=\"elementor-container elementor-column-gap-default\">\n\t\t\t\t\t<div class=\"elementor-column elementor-col-33 elementor-top-column elementor-element elementor-element-fc40e94\" data-id=\"fc40e94\" data-element_type=\"column\" data-e-type=\"column\">\n\t\t\t<div class=\"elementor-widget-wrap\">\n\t\t\t\t\t\t\t<\/div>\n\t\t<\/div>\n\t\t\t\t<div class=\"elementor-column elementor-col-33 elementor-top-column elementor-element elementor-element-90988fe\" data-id=\"90988fe\" data-element_type=\"column\" data-e-type=\"column\">\n\t\t\t<div class=\"elementor-widget-wrap elementor-element-populated\">\n\t\t\t\t\t\t<div class=\"elementor-element elementor-element-4a1c612 elementor-widget elementor-widget-heading\" data-id=\"4a1c612\" data-element_type=\"widget\" data-e-type=\"widget\" data-widget_type=\"heading.default\">\n\t\t\t\t<div class=\"elementor-widget-container\">\n\t\t\t\t\t<h1 class=\"elementor-heading-title elementor-size-default\">Produtos<\/h1>\t\t\t\t<\/div>\n\t\t\t\t<\/div>\n\t\t\t\t\t<\/div>\n\t\t<\/div>\n\t\t\t\t<div class=\"elementor-column elementor-col-33 elementor-top-column elementor-element elementor-element-919f5c1\" data-id=\"919f5c1\" data-element_type=\"column\" data-e-type=\"column\">\n\t\t\t<div class=\"elementor-widget-wrap\">\n\t\t\t\t\t\t\t<\/div>\n\t\t<\/div>\n\t\t\t\t\t<\/div>\n\t\t<\/section>\n\t\t\t\t<section class=\"elementor-section elementor-top-section elementor-element elementor-element-f71ae7e elementor-section-boxed elementor-section-height-default elementor-section-height-default\" data-id=\"f71ae7e\" data-element_type=\"section\" data-e-type=\"section\">\n\t\t\t\t\t\t<div class=\"elementor-container elementor-column-gap-default\">\n\t\t\t\t\t<div class=\"elementor-column elementor-col-100 elementor-top-column elementor-element elementor-element-2f032ae\" data-id=\"2f032ae\" data-element_type=\"column\" data-e-type=\"column\">\n\t\t\t<div class=\"elementor-widget-wrap elementor-element-populated\">\n\t\t\t\t\t\t<div class=\"elementor-element elementor-element-ad39a6e elementor-tabs-view-horizontal elementor-widget elementor-widget-tabs\" data-id=\"ad39a6e\" data-element_type=\"widget\" data-e-type=\"widget\" data-widget_type=\"tabs.default\">\n\t\t\t\t<div class=\"elementor-widget-container\">\n\t\t\t\t\t\t\t<div class=\"elementor-tabs\">\n\t\t\t<div class=\"elementor-tabs-wrapper\" role=\"tablist\" >\n\t\t\t\t\t\t\t\t\t<div id=\"elementor-tab-title-1811\" class=\"elementor-tab-title elementor-tab-desktop-title\" aria-selected=\"true\" data-tab=\"1\" role=\"tab\" tabindex=\"0\" aria-controls=\"elementor-tab-content-1811\" aria-expanded=\"false\">Mangueiras<\/div>\n\t\t\t\t\t\t\t\t\t<div id=\"elementor-tab-title-1812\" class=\"elementor-tab-title elementor-tab-desktop-title\" aria-selected=\"false\" data-tab=\"2\" role=\"tab\" tabindex=\"-1\" aria-controls=\"elementor-tab-content-1812\" aria-expanded=\"false\">Conex\u00f5es<\/div>\n\t\t\t\t\t\t\t<\/div>\n\t\t\t<div class=\"elementor-tabs-content-wrapper\" role=\"tablist\" aria-orientation=\"vertical\">\n\t\t\t\t\t\t\t\t\t<div class=\"elementor-tab-title elementor-tab-mobile-title\" aria-selected=\"true\" data-tab=\"1\" role=\"tab\" tabindex=\"0\" aria-controls=\"elementor-tab-content-1811\" aria-expanded=\"false\">Mangueiras<\/div>\n\t\t\t\t\t<div id=\"elementor-tab-content-1811\" class=\"elementor-tab-content elementor-clearfix\" data-tab=\"1\" role=\"tabpanel\" aria-labelledby=\"elementor-tab-title-1811\" tabindex=\"0\" hidden=\"false\"><p style=\"margin: 0cm 0cm 18.75pt; text-align: justify; line-height: 115%; background-image: initial; background-position: initial; background-size: initial; background-repeat: initial; background-attachment: initial; background-origin: initial; background-clip: initial;\"><span style=\"background-color: rgb(251, 251, 251); color: black; font-family: Arial, sans-serif; font-size: 16px;\">Linha completa de mangueiras hidr\u00e1ulicas, pneum\u00e1ticas,<\/span><br><\/p>\n<p style=\"margin: 0cm 0cm 18.75pt; text-align: justify; line-height: 115%; background-image: initial; background-position: initial; background-size: initial; background-repeat: initial; background-attachment: initial; background-origin: initial; background-clip: initial;\"><b><span style=\"font-family:&quot;Arial&quot;,sans-serif;color:black;mso-themecolor: text1;background:#FBFBFB\">Hidr\u00e1ulicas:<br><\/span><\/b><span style=\"font-family:&quot;Arial&quot;,sans-serif;color:black;mso-themecolor: text1;background:#FBFBFB\">As mangueiras hidr\u00e1ulicas tem um amplo n\u00famero de aplica\u00e7\u00f5es e s\u00e3o necess\u00e1rias para condu\u00e7\u00e3o de fluidos nas m\u00e1quinas da constru\u00e7\u00e3o, nas m\u00e1quinas da agricultura, na manuten\u00e7\u00e3o industrial, ind\u00fastria petrol\u00edfera, equipamentos de minera\u00e7\u00e3o, na ind\u00fastria automotiva e em qualquer&nbsp;equipamento onde houver a necessidade de condu\u00e7\u00e3o hidr\u00e1ulica. <o:p><\/o:p><\/span><\/p>\n<p style=\"margin: 0cm 0cm 18.75pt; text-align: justify; line-height: 115%; background-image: initial; background-position: initial; background-size: initial; background-repeat: initial; background-attachment: initial; background-origin: initial; background-clip: initial;\"><b><span style=\"font-family:&quot;Arial&quot;,sans-serif;color:black;mso-themecolor: text1;background:#FBFBFB\">Pneum\u00e1ticas:<br><\/span><\/b><span style=\"font-family: Arial, sans-serif; color: black; background-image: initial; background-position: initial; background-size: initial; background-repeat: initial; background-attachment: initial; background-origin: initial; background-clip: initial;\">As mangueiras pneum\u00e1ticas s\u00e3o fundamentais para unir um componente ao outro no qual necessita de resist\u00eancia a press\u00e3o ou ao calor como unir uma v\u00e1lvula a um cilindro, cilindro a um filtro\/regulador. Tamb\u00e9m \u00e9 de uso obrigat\u00f3rio em ferramentas pneum\u00e1ticas, como pistolas, catracas, furadeiras, lixadeiras.<o:p><\/o:p><\/span><\/p>\n<p style=\"margin: 0cm 0cm 18.75pt; text-align: justify; line-height: 115%; background-image: initial; background-position: initial; background-size: initial; background-repeat: initial; background-attachment: initial; background-origin: initial; background-clip: initial;\"><b><span style=\"font-family: Arial, sans-serif; color: black; background-image: initial; background-position: initial; background-size: initial; background-repeat: initial; background-attachment: initial; background-origin: initial; background-clip: initial;\">Termopl\u00e1sticas:<br><\/span><\/b><span style=\"font-family:&quot;Arial&quot;,sans-serif;color:black;mso-themecolor: text1;background:#FBFBFB\">As mangueiras termopl\u00e1sticas s\u00e3o fabricadas com um ou mais refor\u00e7os de fibra e\/ou tran\u00e7ados de a\u00e7o entre a mangueira e a cobertura, a<br>\nqual \u00e9 projetada para suportar flex\u00f5es constantes sob alta press\u00e3o. Elas s\u00e3o menos flex\u00edveis do que as hidr\u00e1ulicas convencionais, por\u00e9m s\u00e3o muito mais fortes do que as mangueiras de borracha, por exemplo.<o:p><\/o:p><\/span><\/p>\n<p style=\"margin: 0cm 0cm 18.75pt; text-align: justify; line-height: 115%; background-image: initial; background-position: initial; background-size: initial; background-repeat: initial; background-attachment: initial; background-origin: initial; background-clip: initial;\"><b><span style=\"font-family:&quot;Arial&quot;,sans-serif;color:black;mso-themecolor: text1;background:#FBFBFB\">Protetores de Mangueiras:<\/span><\/b><\/p>\n<p><span style=\"background-color: rgb(251, 251, 251); color: black; font-family: Arial, sans-serif; font-size: 16px; text-align: justify;\">De extrema import\u00e2ncia para aplica\u00e7\u00f5es severas, as molas de prote\u00e7\u00e3o organizam e protegem seus conjuntos de mangueiras evitando<br>\navarias em condi\u00e7\u00f5es extremas ou em locais de montagem cortantes e abrasivos, evitando a troca constante desnecess\u00e1ria e aumentando a vida \u00fatil de suas mangueiras.<\/span><\/p><p><img fetchpriority=\"high\" decoding=\"async\" src=\"https:\/\/vedasan.com.br\/site\/wp-content\/uploads\/2021\/01\/mangueiras-300x268.png\" alt=\"\" width=\"336\" height=\"300\" style=\"font-style: inherit; font-weight: inherit;\"><\/p><\/div>\n\t\t\t\t\t\t\t\t\t<div class=\"elementor-tab-title elementor-tab-mobile-title\" aria-selected=\"false\" data-tab=\"2\" role=\"tab\" tabindex=\"-1\" aria-controls=\"elementor-tab-content-1812\" aria-expanded=\"false\">Conex\u00f5es<\/div>\n\t\t\t\t\t<div id=\"elementor-tab-content-1812\" class=\"elementor-tab-content elementor-clearfix\" data-tab=\"2\" role=\"tabpanel\" aria-labelledby=\"elementor-tab-title-1812\" tabindex=\"0\" hidden=\"hidden\"><p style=\"margin: 0cm 0cm 18.75pt; text-align: justify; line-height: 115%; background-image: initial; background-position: initial; background-size: initial; background-repeat: initial; background-attachment: initial; background-origin: initial; background-clip: initial;\"><span style=\"font-family:&quot;Arial&quot;,sans-serif;color:black;mso-themecolor:text1;\nbackground:#FBFBFB\">Linha completa de Conex\u00f5es, terminais, adaptadores, capas,\nengates, v\u00e1lvulas e abra\u00e7adeiras para sua necessidade. <o:p><\/o:p><\/span><\/p>\n\n<p style=\"margin: 0cm 0cm 18.75pt; text-align: justify; line-height: 115%; background-image: initial; background-position: initial; background-size: initial; background-repeat: initial; background-attachment: initial; background-origin: initial; background-clip: initial;\"><span style=\"font-family:&quot;Arial&quot;,sans-serif;color:black;mso-themecolor:text1;\nbackground:#FBFBFB\">&#8211; Conex\u00f5es em A\u00e7o Carbono, A\u00e7o Inox, Lat\u00e3o e Cobre. <o:p><\/o:p><\/span><\/p>\n\n<p style=\"margin: 0cm 0cm 18.75pt; text-align: justify; line-height: 115%; background-image: initial; background-position: initial; background-size: initial; background-repeat: initial; background-attachment: initial; background-origin: initial; background-clip: initial;\"><span style=\"font-family:&quot;Arial&quot;,sans-serif;color:black;mso-themecolor:text1;\nbackground:#FBFBFB\">&#8211; Terminais Prensados, indispens\u00e1veis na montagem de\nmangueiras, fabricados seguindo as normas ISO, SAE, DIN, JIS, BS, NF entre\noutras.<o:p><\/o:p><\/span><\/p>\n\n<p style=\"margin: 0cm 0cm 18.75pt; text-align: justify; line-height: 115%; background-image: initial; background-position: initial; background-size: initial; background-repeat: initial; background-attachment: initial; background-origin: initial; background-clip: initial;\"><span style=\"font-family:&quot;Arial&quot;,sans-serif;color:black;mso-themecolor:text1;\nbackground:#FBFBFB\">&#8211; Adaptadores para mangueiras hidr\u00e1ulicas em a\u00e7o carbono e\na\u00e7o inox. <o:p><\/o:p><\/span><\/p>\n\n<p style=\"margin: 0cm 0cm 18.75pt; text-align: justify; line-height: 115%; background-image: initial; background-position: initial; background-size: initial; background-repeat: initial; background-attachment: initial; background-origin: initial; background-clip: initial;\"><span style=\"font-family:&quot;Arial&quot;,sans-serif;color:black;mso-themecolor:text1;\nbackground:#FBFBFB\">&#8211; Capas para terminais prensados para a correta fixa\u00e7\u00e3o de\nterminais em mangueiras hidr\u00e1ulicas fabricados em a\u00e7o carbono e a\u00e7o inox. <o:p><\/o:p><\/span><\/p>\n\n<p style=\"margin: 0cm 0cm 18.75pt; text-align: justify; line-height: 115%; background-image: initial; background-position: initial; background-size: initial; background-repeat: initial; background-attachment: initial; background-origin: initial; background-clip: initial;\"><span style=\"font-family:&quot;Arial&quot;,sans-serif;color:black;mso-themecolor:text1;\nbackground:#FBFBFB\">&#8211; Engates oferecidos com ampla op\u00e7\u00e3o de ligas bem como com\nveda\u00e7\u00f5es especiais para garantir total seguran\u00e7a e compatibilidade com os\nfluidos. Est\u00e3o dispon\u00edveis em uma diversidade de bitolas, com in\u00fameras\npossibilidades de configura\u00e7\u00f5es de rosca, espiga para mangueira, flanges,\nsistemas de multi acoplamento e dispositivos espec\u00edficos para acomodar com\nexcel\u00eancia os requisitos de projeto.&nbsp;<o:p><\/o:p><\/span><\/p>\n\n<p style=\"margin: 0cm 0cm 18.75pt; text-align: justify; line-height: 115%; background-image: initial; background-position: initial; background-size: initial; background-repeat: initial; background-attachment: initial; background-origin: initial; background-clip: initial;\"><span style=\"font-family:&quot;Arial&quot;,sans-serif;color:black;mso-themecolor:text1;\nbackground:#FBFBFB\">&#8211; V\u00e1lvulas de Esfera, Isoladoras de Man\u00f4metros,\nanti-retorno, de controle de fluxo. Produzidas em a\u00e7o carbono ou a\u00e7o inox\nconforme normas internacionais com ampla variedade de roscas, essenciais para o\nfuncionamento de seu sistema hidr\u00e1ulico. <o:p><\/o:p><\/span><\/p>\n\n<p><span style=\"font-size: 12pt; text-align: justify; line-height: 115%; font-family: Arial, sans-serif; color: black; background: rgb(251, 251, 251);\">&#8211; Abra\u00e7adeiras para tubos <\/span><span style=\"font-size: 12pt; text-align: justify; line-height: 115%; font-family: Arial, sans-serif; color: black;\">de vasta utiliza\u00e7\u00e3o, podendo ser aplicadas em\nind\u00fastria naval, \u00f3leo e g\u00e1s, minera\u00e7\u00e3o, m\u00e1quinas agr\u00edcolas, ind\u00fastria de\nmanuten\u00e7\u00e3o entre outras. Fabricados conforme norma DIN 3015.<\/span><\/p><p><img decoding=\"async\" src=\"https:\/\/vedasan.com.br\/site\/wp-content\/uploads\/2021\/01\/conexoes-300x300.jpg\" alt=\"\" width=\"300\" height=\"300\" style=\"font-style: inherit; font-weight: inherit;\"><br><\/p><\/div>\n\t\t\t\t\t\t\t<\/div>\n\t\t<\/div>\n\t\t\t\t\t\t<\/div>\n\t\t\t\t<\/div>\n\t\t\t\t<div class=\"elementor-element elementor-element-a0a131a elementor-widget elementor-widget-button\" data-id=\"a0a131a\" data-element_type=\"widget\" data-e-type=\"widget\" data-widget_type=\"button.default\">\n\t\t\t\t<div class=\"elementor-widget-container\">\n\t\t\t\t\t\t\t\t\t<div class=\"elementor-button-wrapper\">\n\t\t\t\t\t<a class=\"elementor-button elementor-button-link elementor-size-sm\" href=\"https:\/\/vedasan.com.br\/site\/contatos\/\">\n\t\t\t\t\t\t<span class=\"elementor-button-content-wrapper\">\n\t\t\t\t\t\t\t\t\t<span class=\"elementor-button-text\">Pergunte sobre este Produto<\/span>\n\t\t\t\t\t<\/span>\n\t\t\t\t\t<\/a>\n\t\t\t\t<\/div>\n\t\t\t\t\t\t\t\t<\/div>\n\t\t\t\t<\/div>\n\t\t\t\t\t<\/div>\n\t\t<\/div>\n\t\t\t\t\t<\/div>\n\t\t<\/section>\n\t\t\t\t<\/div>\n\t\t","protected":false},"excerpt":{"rendered":"<p>Our Projects Adventure Water Sports Interdum exercitation penatibus, praesentium facilisi accusamus fermentum, sagittis. Snow Adventure Winter Sports Interdum exercitation penatibus, praesentium facilisi accusamus fermentum, sagittis. Forest Tours Camping Interdum exercitation penatibus, praesentium facilisi accusamus fermentum, sagittis.<\/p>\n","protected":false},"author":1,"featured_media":0,"parent":0,"menu_order":0,"comment_status":"closed","ping_status":"closed","template":"elementor_header_footer","meta":{"site-sidebar-layout":"no-sidebar","site-content-layout":"page-builder","ast-site-content-layout":"default","site-content-style":"default","site-sidebar-style":"default","ast-global-header-display":"","ast-banner-title-visibility":"","ast-main-header-display":"","ast-hfb-above-header-display":"","ast-hfb-below-header-display":"","ast-hfb-mobile-header-display":"","site-post-title":"disabled","ast-breadcrumbs-content":"","ast-featured-img":"disabled","footer-sml-layout":"","ast-disable-related-posts":"","theme-transparent-header-meta":"enabled","adv-header-id-meta":"","stick-header-meta":"","header-above-stick-meta":"","header-main-stick-meta":"","header-below-stick-meta":"","astra-migrate-meta-layouts":"default","ast-page-background-enabled":"default","ast-page-background-meta":{"desktop":{"background-color":"","background-image":"","background-repeat":"repeat","background-position":"center center","background-size":"auto","background-attachment":"scroll","background-type":"","background-media":"","overlay-type":"","overlay-color":"","overlay-opacity":"","overlay-gradient":""},"tablet":{"background-color":"","background-image":"","background-repeat":"repeat","background-position":"center center","background-size":"auto","background-attachment":"scroll","background-type":"","background-media":"","overlay-type":"","overlay-color":"","overlay-opacity":"","overlay-gradient":""},"mobile":{"background-color":"","background-image":"","background-repeat":"repeat","background-position":"center center","background-size":"auto","background-attachment":"scroll","background-type":"","background-media":"","overlay-type":"","overlay-color":"","overlay-opacity":"","overlay-gradient":""}},"ast-content-background-meta":{"desktop":{"background-color":"var(--ast-global-color-5)","background-image":"","background-repeat":"repeat","background-position":"center center","background-size":"auto","background-attachment":"scroll","background-type":"","background-media":"","overlay-type":"","overlay-color":"","overlay-opacity":"","overlay-gradient":""},"tablet":{"background-color":"var(--ast-global-color-5)","background-image":"","background-repeat":"repeat","background-position":"center center","background-size":"auto","background-attachment":"scroll","background-type":"","background-media":"","overlay-type":"","overlay-color":"","overlay-opacity":"","overlay-gradient":""},"mobile":{"background-color":"var(--ast-global-color-5)","background-image":"","background-repeat":"repeat","background-position":"center center","background-size":"auto","background-attachment":"scroll","background-type":"","background-media":"","overlay-type":"","overlay-color":"","overlay-opacity":"","overlay-gradient":""}},"_joinchat":[],"footnotes":""},"class_list":["post-611","page","type-page","status-publish","hentry"],"_links":{"self":[{"href":"https:\/\/vedasan.com.br\/site\/wp-json\/wp\/v2\/pages\/611","targetHints":{"allow":["GET"]}}],"collection":[{"href":"https:\/\/vedasan.com.br\/site\/wp-json\/wp\/v2\/pages"}],"about":[{"href":"https:\/\/vedasan.com.br\/site\/wp-json\/wp\/v2\/types\/page"}],"author":[{"embeddable":true,"href":"https:\/\/vedasan.com.br\/site\/wp-json\/wp\/v2\/users\/1"}],"replies":[{"embeddable":true,"href":"https:\/\/vedasan.com.br\/site\/wp-json\/wp\/v2\/comments?post=611"}],"version-history":[{"count":30,"href":"https:\/\/vedasan.com.br\/site\/wp-json\/wp\/v2\/pages\/611\/revisions"}],"predecessor-version":[{"id":1225,"href":"https:\/\/vedasan.com.br\/site\/wp-json\/wp\/v2\/pages\/611\/revisions\/1225"}],"wp:attachment":[{"href":"https:\/\/vedasan.com.br\/site\/wp-json\/wp\/v2\/media?parent=611"}],"curies":[{"name":"wp","href":"https:\/\/api.w.org\/{rel}","templated":true}]}}